{"id":61,"date":"2025-05-28T10:35:10","date_gmt":"2025-05-28T08:35:10","guid":{"rendered":"http:\/\/localhost\/KRIMO\/?page_id=12"},"modified":"2025-05-28T10:35:10","modified_gmt":"2025-05-28T08:35:10","slug":"unsere-rolle","status":"publish","type":"page","link":"https:\/\/krimopub.com\/de\/unsere-rolle\/","title":{"rendered":"\u00dcber uns"},"content":{"rendered":"<p class=\"has-black-color has-text-color has-link-color has-medium-font-size wp-elements-671376f6b9c819fc2af7aaa67d097d98\">\u201eKrim\u00f3 ist ein gem\u00fctliches Pub und eine Taverne im Herzen von Budapest mit hervorragenden Preisen und einer hervorragenden K\u00fcche. Das Krim\u00f3 Pub ist seit 20 Jahren das Flaggschiff des Budapester Unterhaltungsviertels, da es einer der Orte ist, der Budapester und Touristen kontinuierlich und unfehlbar in das Gebiet zieht, das fr\u00fcher als Ruinenkneipenviertel bekannt war.\u201c<\/p>\n\n\n\n<p class=\"has-medium-font-size\">Das Krim\u00f3 Pub ist t\u00e4glich von 11 bis 4 Uhr ge\u00f6ffnet und erwartet seine G\u00e4ste mit einer abwechslungsreichen Speisekarte, einer gro\u00dfen Auswahl an Getr\u00e4nken und einem Zwei-G\u00e4nge-Men\u00fc an Wochentagen. Die Speisekarte bietet das Beste der internationalen und ungarischen K\u00fcche. Das t\u00e4glich wechselnde Men\u00fc l\u00e4dt die Besucher tags\u00fcber zu einer spannenden kulinarischen Reise ein.<\/p>\n\n\n\n<p class=\"has-medium-font-size\">Aus den Zapfh\u00e4hnen flie\u00dfen ungarische, tschechische, belgische und irische Biere, und Weinliebhaber k\u00f6nnen Weine von ungarischen Qualit\u00e4tsweing\u00fctern probieren. Auch Shot- und Cocktailliebhaber kommen im Krim\u00f3 auf ihre Kosten.<\/p>\n\n\n\n<p class=\"has-medium-font-size\">Im zweist\u00f6ckigen Krimo, das 16 Stunden am Tag ge\u00f6ffnet hat, k\u00f6nnen Sie mittags zu Mittag essen, Kaffee trinken, trinken, nachmittags entspannen, abends zu Abend essen und dann bis zum Morgengrauen feiern. <br>Wenn Sie eine sch\u00f6ne Zeit mit Ihren Freunden, Ihrer Familie oder Ihrem Partner verbringen oder einfach in Ihrer Mittagspause auf ein Men\u00fc vorbeischauen m\u00f6chten, ist Krimo der richtige Ort f\u00fcr Sie! <br>Das Krim\u00f3 Pub ist ein ausgezeichneter Veranstaltungsort f\u00fcr gr\u00f6\u00dfere gesellschaftliche und gesch\u00e4ftliche Zusammenk\u00fcnfte. Reservieren Sie Ihren Tisch einfach im Voraus.<\/p>\n\n\n\n<p class=\"has-medium-font-size\">Kommen Sie ins Herz der Stadt und genie\u00dfen Sie die familienfreundliche Pub-Atmosph\u00e4re, w\u00e4hlen Sie aus ausgezeichnetem Essen und einer gro\u00dfen Auswahl an Getr\u00e4nken.<\/p>\n\n\n\n<p class=\"has-medium-font-size\"><strong>Das Team des Krim\u00f3 Pubs erwartet Sie!<\/strong><\/p>\n\n\n\n<p><\/p>","protected":false},"excerpt":{"rendered":"<p>&#8222;A Krim\u00f3 hangulatos pub \u00e9s kisvend\u00e9gl\u0151 Budapest sz\u00edv\u00e9ben, kiv\u00e1l\u00f3 \u00e1rakkal \u00e9s kony\u00e1val. A Krim\u00f3 Pub m\u00e1r 20 \u00e9ve z\u00e1szl\u00f3shaj\u00f3ja Budapest vigalmi negyed\u00e9nek, mivel azon helyek egyike, melyek a kor\u00e1bban romkocsma negyednek h\u00edvott ter\u00fcletre folyamatosan \u00e9s t\u00f6retlen\u00fcl vonzz\u00e1k a budapestieket \u00e9s a turist\u00e1kat. A 11 \u00f3r\u00e1t\u00f3l hajnali 4-ig minden nap nyitva<span class=\"more-link theme-more-link\"><a href=\"https:\/\/krimopub.com\/de\/unsere-rolle\/\">Weiterlesen<\/a><\/span><\/p>","protected":false},"author":1,"featured_media":0,"parent":0,"menu_order":0,"comment_status":"closed","ping_status":"closed","template":"","meta":{"footnotes":""},"class_list":["entry","author-krimoadmin","post-61","page","type-page","status-publish"],"_links":{"self":[{"href":"https:\/\/krimopub.com\/de\/wp-json\/wp\/v2\/pages\/61","targetHints":{"allow":["GET"]}}],"collection":[{"href":"https:\/\/krimopub.com\/de\/wp-json\/wp\/v2\/pages"}],"about":[{"href":"https:\/\/krimopub.com\/de\/wp-json\/wp\/v2\/types\/page"}],"author":[{"embeddable":true,"href":"https:\/\/krimopub.com\/de\/wp-json\/wp\/v2\/users\/1"}],"replies":[{"embeddable":true,"href":"https:\/\/krimopub.com\/de\/wp-json\/wp\/v2\/comments?post=61"}],"version-history":[{"count":0,"href":"https:\/\/krimopub.com\/de\/wp-json\/wp\/v2\/pages\/61\/revisions"}],"wp:attachment":[{"href":"https:\/\/krimopub.com\/de\/wp-json\/wp\/v2\/media?parent=61"}],"curies":[{"name":"wp","href":"https:\/\/api.w.org\/{rel}","templated":true}]}}