{"id":61,"date":"2025-05-28T10:35:10","date_gmt":"2025-05-28T08:35:10","guid":{"rendered":"http:\/\/localhost\/KRIMO\/?page_id=12"},"modified":"2025-05-28T10:35:10","modified_gmt":"2025-05-28T08:35:10","slug":"our-role","status":"publish","type":"page","link":"https:\/\/krimopub.com\/en\/our-role\/","title":{"rendered":"About us"},"content":{"rendered":"<p class=\"has-black-color has-text-color has-link-color has-medium-font-size wp-elements-671376f6b9c819fc2af7aaa67d097d98\">&quot;Krim\u00f3 is a cozy pub and tavern in the heart of Budapest, with excellent prices and cuisine. Krim\u00f3 Pub has been the flagship of Budapest&#039;s entertainment district for 20 years, as it is one of the places that continuously and unfailingly attracts Budapest residents and tourists to the area previously known as the ruin pub district.&quot;<\/p>\n\n\n\n<p class=\"has-medium-font-size\">Open every day from 11 am to 4 am, Krim\u00f3 Pub awaits its guests with a varied menu, a wide range of drinks, and a two-course menu on weekdays. The menu offers the best of international and Hungarian cuisine. The daily changing menu invites visitors to an exciting culinary journey during the day.<\/p>\n\n\n\n<p class=\"has-medium-font-size\">The beer taps serve Hungarian, Czech, Belgian and Irish beers, and wine lovers can sample wines from quality Hungarian wineries. Shots and cocktails lovers will also feel at home at Krim\u00f3.<\/p>\n\n\n\n<p class=\"has-medium-font-size\">At the two-story Krimo, which is open 16 hours a day, you can have lunch at noon, have coffee, drink, relax in the afternoon, have dinner in the evening, and then party until dawn. <br>If you want to have a good time with your friends, family, partner, or just want to stop by for a menu during your lunch break, Krimo is the place for you! <br>Krim\u00f3 Pub is an excellent venue for larger social and corporate gatherings, just book your table in advance.<\/p>\n\n\n\n<p class=\"has-medium-font-size\">Come to the heart of the city and enjoy the family-friendly pub atmosphere, choose from excellent food and a wide range of drinks.<\/p>\n\n\n\n<p class=\"has-medium-font-size\"><strong>The Krim\u00f3 Pub team is waiting for you!<\/strong><\/p>\n\n\n\n<p><\/p>","protected":false},"excerpt":{"rendered":"<p>&#8222;A Krim\u00f3 hangulatos pub \u00e9s kisvend\u00e9gl\u0151 Budapest sz\u00edv\u00e9ben, kiv\u00e1l\u00f3 \u00e1rakkal \u00e9s kony\u00e1val. A Krim\u00f3 Pub m\u00e1r 20 \u00e9ve z\u00e1szl\u00f3shaj\u00f3ja Budapest vigalmi negyed\u00e9nek, mivel azon helyek egyike, melyek a kor\u00e1bban romkocsma negyednek h\u00edvott ter\u00fcletre folyamatosan \u00e9s t\u00f6retlen\u00fcl vonzz\u00e1k a budapestieket \u00e9s a turist\u00e1kat. A 11 \u00f3r\u00e1t\u00f3l hajnali 4-ig minden nap nyitva<span class=\"more-link theme-more-link\"><a href=\"https:\/\/krimopub.com\/en\/our-role\/\">Continue Reading<\/a><\/span><\/p>","protected":false},"author":1,"featured_media":0,"parent":0,"menu_order":0,"comment_status":"closed","ping_status":"closed","template":"","meta":{"footnotes":""},"class_list":["entry","author-krimoadmin","post-61","page","type-page","status-publish"],"_links":{"self":[{"href":"https:\/\/krimopub.com\/en\/wp-json\/wp\/v2\/pages\/61","targetHints":{"allow":["GET"]}}],"collection":[{"href":"https:\/\/krimopub.com\/en\/wp-json\/wp\/v2\/pages"}],"about":[{"href":"https:\/\/krimopub.com\/en\/wp-json\/wp\/v2\/types\/page"}],"author":[{"embeddable":true,"href":"https:\/\/krimopub.com\/en\/wp-json\/wp\/v2\/users\/1"}],"replies":[{"embeddable":true,"href":"https:\/\/krimopub.com\/en\/wp-json\/wp\/v2\/comments?post=61"}],"version-history":[{"count":0,"href":"https:\/\/krimopub.com\/en\/wp-json\/wp\/v2\/pages\/61\/revisions"}],"wp:attachment":[{"href":"https:\/\/krimopub.com\/en\/wp-json\/wp\/v2\/media?parent=61"}],"curies":[{"name":"wp","href":"https:\/\/api.w.org\/{rel}","templated":true}]}}