{"id":156,"date":"2025-06-27T21:04:34","date_gmt":"2025-06-27T21:04:34","guid":{"rendered":"https:\/\/krimopub.com\/?page_id=156"},"modified":"2025-10-25T18:48:54","modified_gmt":"2025-10-25T18:48:54","slug":"liste-des-boissons","status":"publish","type":"page","link":"https:\/\/krimopub.com\/fr\/liste-des-boissons\/","title":{"rendered":"Carte des boissons"},"content":{"rendered":"<h2 class=\"wp-block-heading\">Csapolt s\u00f6r\u00f6k<\/h2>\n\n\n\n<table border=\"1\">\n  <tr>\n    <th>Ital<\/th>\n    <th>3 dl<\/th>\n    <th>5 dl<\/th>\n  <\/tr>\n  <tr>\n    <td>Dreher<\/td>\n    <td>950<\/td>\n    <td>1450<\/td>\n  <\/tr>\n  <tr>\n    <td>Krim\u00f3 Lager<\/td>\n    <td>950<\/td>\n    <td>1450<\/td>\n  <\/tr>\n  <tr>\n    <td>Krim\u00f3 IPA<\/td>\n    <td>1200<\/td>\n    <td>2000<\/td>\n  <\/tr>\n  <tr>\n    <td>Staropramen<\/td>\n    <td>1050<\/td>\n    <td>1650<\/td>\n  <\/tr>\n  <tr>\n    <td>Pusk\u00e1s<\/td>\n    <td>1050<\/td>\n    <td>1650<\/td>\n  <\/tr>\n  <tr>\n    <td>Pilsner<\/td>\n    <td>1050<\/td>\n    <td>1650<\/td>\n  <\/tr>\n  <tr>\n    <td>Hoegaarden<\/td>\n    <td>1500<\/td>\n    <td>2400<\/td>\n  <\/tr>\n  <tr>\n    <td>Dreher Meggy<\/td>\n    <td>1050<\/td>\n    <td>1650<\/td>\n  <\/tr>\n  <tr>\n    <td>Guinness<\/td>\n    <td>1350<\/td>\n    <td>2700<\/td>\n  <\/tr>\n<\/table>\n\n\n\n<h2 class=\"wp-block-heading\">\u00dcveges s\u00f6r\u00f6k<\/h2>\n\n\n\n<figure class=\"wp-block-table\"><table class=\"has-fixed-layout\"><tbody><tr><th>Ital<\/th><th>\u00c1r<\/th><\/tr><tr><td>Feh\u00e9r ny\u00fal Palesztin Ale (4 dl)<\/td><td>1800<\/td><\/tr><tr><td>Stella Artois<\/td><td>1300<\/td><\/tr><tr><td>Miller Lime<\/td><td>1300<\/td><\/tr><tr><td>Somersby Alma<\/td><td>1300<\/td><\/tr><tr><td>Corona<\/td><td>2000<\/td><\/tr><tr><td>Peroni 0.0<\/td><td>1300<\/td><\/tr><tr><td>Old Jamaica<\/td><td>2000<\/td><\/tr><\/tbody><\/table><\/figure>\n\n\n\n<h2 class=\"wp-block-heading\">P\u00e1link\u00e1k<\/h2>\n\n\n\n<figure class=\"wp-block-table\"><table class=\"has-fixed-layout\"><tbody><tr><th>Ital<\/th><th>3 dl<\/th><th>5 dl<\/th><\/tr><tr><td>Tassi H\u00e1zi szilva<\/td><td>1350<\/td><td>2200<\/td><\/tr><tr><td>Panyolai (Szilva, Kajszi, Birs, K\u00f6rte, Cseresznye)<\/td><td>1350<\/td><td>2200<\/td><\/tr><\/tbody><\/table><\/figure>\n\n\n\n<h2 class=\"wp-block-heading\">Whiskeyk<\/h2>\n\n\n\n<figure class=\"wp-block-table\"><table class=\"has-fixed-layout\"><tbody><tr><th>Ital<\/th><th>3 dl<\/th><th>5 dl<\/th><\/tr><tr><td>Jameson<\/td><td>1100<\/td><td>1800<\/td><\/tr><tr><td>Jameson IPA<\/td><td>1100<\/td><td>1800<\/td><\/tr><tr><td>Jack Daniel&#8217;s<\/td><td>1100<\/td><td>1800<\/td><\/tr><tr><td>Jack Daniel&#8217;s Honey<\/td><td>1100<\/td><td>1800<\/td><\/tr><tr><td>Maker&#8217;s Mark<\/td><td>1800<\/td><td>3000<\/td><\/tr><tr><td>Fireball<\/td><td>1200<\/td><td>2000<\/td><\/tr><tr><td>Akashi<\/td><td>2400<\/td><td>4000<\/td><\/tr><tr><td>Laphroaig<\/td><td>2400<\/td><td>4000<\/td><\/tr><tr><td>Glenfiddich<\/td><td>2400<\/td><td>4000<\/td><\/tr><tr><td>Caol Ila<\/td><td>2400<\/td><td>4000<\/td><\/tr><\/tbody><\/table><\/figure>\n\n\n\n<h2 class=\"wp-block-heading\">Rumok<\/h2>\n\n\n\n<figure class=\"wp-block-table\"><table class=\"has-fixed-layout\"><tbody><tr><th>Ital<\/th><th>3 dl<\/th><th>5 dl<\/th><\/tr><tr><td>Havana 3<\/td><td>900<\/td><td>1500<\/td><\/tr><tr><td>Captain Morgan Spiced<\/td><td>900<\/td><td>1500<\/td><\/tr><tr><td>Diplom\u00e1tico Reserva<\/td><td>2100<\/td><td>3500<\/td><\/tr><tr><td>Dictador 12<\/td><td>1800<\/td><td>3000<\/td><\/tr><tr><td>Dictador 20<\/td><td>2400<\/td><td>4000<\/td><\/tr><tr><td>Plantation Pineapple<\/td><td>1800<\/td><td>3000<\/td><\/tr><tr><td>Plantation XO<\/td><td>2400<\/td><td>4000<\/td><\/tr><tr><td>Kraken<\/td><td>1500<\/td><td>2500<\/td><\/tr><tr><td>Bumbu<\/td><td>2100<\/td><td>3500<\/td><\/tr><tr><td>Matusalem 7<\/td><td>1100<\/td><td>1800<\/td><\/tr><tr><td>Stroh 80<\/td><td>1200<\/td><td>2000<\/td><\/tr><\/tbody><\/table><\/figure>\n\n\n\n<h2 class=\"wp-block-heading\">Tequill\u00e1k<\/h2>\n\n\n\n<figure class=\"wp-block-table\"><table class=\"has-fixed-layout\"><tbody><tr><th>Ital<\/th><th>3 dl<\/th><th>5 dl<\/th><\/tr><tr><td>Jose Cuervo Silver<\/td><td>1350<\/td><td>2200<\/td><\/tr><tr><td>Jose Cuervo Gold<\/td><td>1350<\/td><td>2200<\/td><\/tr><tr><td>KAH Silver<\/td><td>2400<\/td><td>4000<\/td><\/tr><tr><td>KAH Gold<\/td><td>2400<\/td><td>4000<\/td><\/tr><tr><td>Caf\u00e9 Patr\u00f3n XO<\/td><td>2400<\/td><td>4000<\/td><\/tr><\/tbody><\/table><\/figure>\n\n\n\n<h2 class=\"wp-block-heading\">Ginek<\/h2>\n\n\n\n<figure class=\"wp-block-table\"><table class=\"has-fixed-layout\"><tbody><tr><th>Ital<\/th><th>3 dl<\/th><th>5 dl<\/th><\/tr><tr><td>Beefeater Pink<\/td><td>1100<\/td><td>1800<\/td><\/tr><tr><td>Bombay<\/td><td>1100<\/td><td>1800<\/td><\/tr><tr><td>Tanqueray<\/td><td>1350<\/td><td>2200<\/td><\/tr><tr><td>Malfy Pink<\/td><td>1500<\/td><td>2500<\/td><\/tr><tr><td>Hendrick&#8217;s<\/td><td>2100<\/td><td>3500<\/td><\/tr><tr><td>Monkey 47<\/td><td>2400<\/td><td>4000<\/td><\/tr><\/tbody><\/table><\/figure>\n\n\n\n<h2 class=\"wp-block-heading\">Vodk\u00e1k<\/h2>\n\n\n\n<figure class=\"wp-block-table\"><table class=\"has-fixed-layout\"><tbody><tr><th>Ital<\/th><th>3 dl<\/th><th>5 dl<\/th><\/tr><tr><td>Absolut<\/td><td>900<\/td><td>1500<\/td><\/tr><tr><td>Ciroc<\/td><td>1500<\/td><td>2500<\/td><\/tr><\/tbody><\/table><\/figure>\n\n\n\n<h2 class=\"wp-block-heading\">Kokt\u00e9lok<\/h2>\n\n\n\n<figure class=\"wp-block-table\"><table class=\"has-fixed-layout\"><tbody><tr><th>Ital<\/th><th>\u00c1r<\/th><\/tr><tr><td>Aperol Spritz<\/td><td>3000<\/td><\/tr><tr><td>Cuba Libre<\/td><td>3200<\/td><\/tr><tr><td>Espresso Martini<\/td><td>3700<\/td><\/tr><tr><td>Sex On The Beach<\/td><td>3200<\/td><\/tr><tr><td>Gin Fizz<\/td><td>3000<\/td><\/tr><tr><td>J\u00e4ger Bomb<\/td><td>3700<\/td><\/tr><tr><td>Long Island<\/td><td>6500<\/td><\/tr><tr><td>Mojito<\/td><td>3000<\/td><\/tr><tr><td>Moscow Mule<\/td><td>3200<\/td><\/tr><tr><td>Negroni<\/td><td>3500<\/td><\/tr><tr><td>Tequila Sunrise<\/td><td>3700<\/td><\/tr><\/tbody><\/table><\/figure>\n\n\n\n<h2 class=\"wp-block-heading\">\u00dcdit\u0151ink<\/h2>\n\n\n\n<figure class=\"wp-block-table\"><table class=\"has-fixed-layout\"><tbody><tr><th>Ital<\/th><th>\u00c1r<\/th><\/tr><tr><td>Limon\u00e1d\u00e9 (Classic, Bodza, Z\u00f6ldalm\u00e1s, Eper)<\/td><td>1350<\/td><\/tr><tr><td>Coca-Cola<\/td><td>750<\/td><\/tr><tr><td>Fuze Tea (Barack, Citrom)<\/td><td>750<\/td><\/tr><tr><td>Cappy (Narancs, Barack, K\u00f6rte, Alma, Anan\u00e1sz)<\/td><td>750<\/td><\/tr><tr><td>Mentes\/Savas v\u00edz (0,25 l)<\/td><td>750<\/td><\/tr><tr><td>Red Bull<\/td><td>1600<\/td><\/tr><\/tbody><\/table><\/figure>\n\n\n\n<h2 class=\"wp-block-heading\">Forr\u00f3 italok<\/h2>\n\n\n\n<figure class=\"wp-block-table\"><table class=\"has-fixed-layout\"><tbody><tr><th>Ital<\/th><th>\u00c1r<\/th><\/tr><tr><td>Forr\u00f3 tea<\/td><td>800<\/td><\/tr><tr><td>Espresso<\/td><td>550<\/td><\/tr><tr><td>Cappuccino<\/td><td>1050<\/td><\/tr><\/tbody><\/table><\/figure>\n\n\n\n<h2 class=\"wp-block-heading\">Egy\u00e9b v\u00e1laszt\u00e9kunk<\/h2>\n\n\n\n<figure class=\"wp-block-table\"><table class=\"has-fixed-layout\"><tbody><tr><th>Ital<\/th><th>3 dl<\/th><th>5 dl<\/th><\/tr><tr><td>Unicum (szilva, narancs, barista)<\/td><td>850<\/td><td>1300<\/td><\/tr><tr><td>J\u00e4germeister<\/td><td>900<\/td><td>1500<\/td><\/tr><tr><td>Tubi 60<\/td><td>1500<\/td><td>2500<\/td><\/tr><tr><td>Absinthe Red<\/td><td>1350<\/td><td>2200<\/td><\/tr><tr><td>Absinthe Green<\/td><td>1350<\/td><td>2200<\/td><\/tr><tr><td>T\u00e1tra Tea 62<\/td><td>1350<\/td><td>2200<\/td><\/tr><tr><td>Sambuca<\/td><td>1200<\/td><td>2000<\/td><\/tr><tr><td>Kahl\u00faa<\/td><td>1200<\/td><td>2000<\/td><\/tr><tr><td>Baileys<\/td><td>1200<\/td><td>2000<\/td><\/tr><tr><td>Malibu<\/td><td>1200<\/td><td>2000<\/td><\/tr><tr><td>Campari<\/td><td>1200<\/td><td>2000<\/td><\/tr><tr><td>Martini Rosso<\/td><td>1200<\/td><td>2000<\/td><\/tr><tr><td>Cointreau<\/td><td>1200<\/td><td>2000<\/td><\/tr><\/tbody><\/table><\/figure>","protected":false},"excerpt":{"rendered":"<p>Csapolt s\u00f6r\u00f6k Ital 3 dl 5 dl Dreher 950 1450 Krim\u00f3 Lager 950 1450 Krim\u00f3 IPA 1200 2000 Staropramen 1050 1650 Pusk\u00e1s 1050 1650 Pilsner 1050 1650 Hoegaarden 1500 2400 Dreher Meggy 1050 1650 Guinness 1350 2700 \u00dcveges s\u00f6r\u00f6k Ital \u00c1r Feh\u00e9r ny\u00fal Palesztin Ale (4 dl) 1800 Stella Artois<span class=\"more-link theme-more-link\"><a href=\"https:\/\/krimopub.com\/fr\/liste-des-boissons\/\">Continuer la lecture<\/a><\/span><\/p>","protected":false},"author":1,"featured_media":0,"parent":0,"menu_order":0,"comment_status":"closed","ping_status":"closed","template":"","meta":{"footnotes":""},"class_list":["entry","author-krimoadmin","post-156","page","type-page","status-publish"],"_links":{"self":[{"href":"https:\/\/krimopub.com\/fr\/wp-json\/wp\/v2\/pages\/156","targetHints":{"allow":["GET"]}}],"collection":[{"href":"https:\/\/krimopub.com\/fr\/wp-json\/wp\/v2\/pages"}],"about":[{"href":"https:\/\/krimopub.com\/fr\/wp-json\/wp\/v2\/types\/page"}],"author":[{"embeddable":true,"href":"https:\/\/krimopub.com\/fr\/wp-json\/wp\/v2\/users\/1"}],"replies":[{"embeddable":true,"href":"https:\/\/krimopub.com\/fr\/wp-json\/wp\/v2\/comments?post=156"}],"version-history":[{"count":5,"href":"https:\/\/krimopub.com\/fr\/wp-json\/wp\/v2\/pages\/156\/revisions"}],"predecessor-version":[{"id":313,"href":"https:\/\/krimopub.com\/fr\/wp-json\/wp\/v2\/pages\/156\/revisions\/313"}],"wp:attachment":[{"href":"https:\/\/krimopub.com\/fr\/wp-json\/wp\/v2\/media?parent=156"}],"curies":[{"name":"wp","href":"https:\/\/api.w.org\/{rel}","templated":true}]}}