{"id":61,"date":"2025-05-28T10:35:10","date_gmt":"2025-05-28T08:35:10","guid":{"rendered":"http:\/\/localhost\/KRIMO\/?page_id=12"},"modified":"2025-05-28T10:35:10","modified_gmt":"2025-05-28T08:35:10","slug":"notre-role","status":"publish","type":"page","link":"https:\/\/krimopub.com\/fr\/notre-role\/","title":{"rendered":"\u00c0 propos de nous"},"content":{"rendered":"<p class=\"has-black-color has-text-color has-link-color has-medium-font-size wp-elements-671376f6b9c819fc2af7aaa67d097d98\">\u00ab\u00a0Krim\u00f3 est un pub-taverne chaleureux situ\u00e9 au c\u0153ur de Budapest, proposant d&#039;excellents prix et une cuisine excellente. Le pub Krim\u00f3 est le fleuron du quartier des divertissements de Budapest depuis 20 ans, attirant sans cesse les habitants et les touristes dans ce quartier autrefois connu sous le nom de \u00ab\u00a0ruin pub\u00a0\u00bb.\u00a0\u00bb<\/p>\n\n\n\n<p class=\"has-medium-font-size\">Ouvert tous les jours de 11h \u00e0 4h, le Krim\u00f3 Pub vous propose une carte vari\u00e9e, un large choix de boissons et un menu \u00e0 deux plats en semaine. La carte propose le meilleur de la cuisine internationale et hongroise. Le menu, renouvel\u00e9 quotidiennement, vous invite \u00e0 un voyage culinaire passionnant tout au long de la journ\u00e9e.<\/p>\n\n\n\n<p class=\"has-medium-font-size\">Les tireuses \u00e0 bi\u00e8re proposent des bi\u00e8res hongroises, tch\u00e8ques, belges et irlandaises, et les amateurs de vin pourront d\u00e9guster des crus de vignobles hongrois de qualit\u00e9. Les amateurs de shots et de cocktails se sentiront \u00e9galement comme chez eux au Krim\u00f3.<\/p>\n\n\n\n<p class=\"has-medium-font-size\">Au Krimo, un restaurant de deux \u00e9tages ouvert 16 heures par jour, vous pouvez d\u00e9jeuner \u00e0 midi, prendre un caf\u00e9, boire un verre, vous d\u00e9tendre l&#039;apr\u00e8s-midi, d\u00eener le soir, puis faire la f\u00eate jusqu&#039;\u00e0 l&#039;aube. <br>Si vous souhaitez passer un bon moment entre amis, en famille, en couple, ou simplement vous arr\u00eater pour un menu pendant votre pause d\u00e9jeuner, Krimo est l&#039;endroit qu&#039;il vous faut ! <br>Le Krim\u00f3 Pub est un excellent lieu pour les grands rassemblements sociaux et d&#039;entreprise, r\u00e9servez simplement votre table \u00e0 l&#039;avance.<\/p>\n\n\n\n<p class=\"has-medium-font-size\">Venez au c\u0153ur de la ville et profitez de l&#039;ambiance familiale du pub, choisissez parmi une excellente cuisine et une large gamme de boissons.<\/p>\n\n\n\n<p class=\"has-medium-font-size\"><strong>L&#039;\u00e9quipe du Krim\u00f3 Pub vous attend !<\/strong><\/p>\n\n\n\n<p><\/p>","protected":false},"excerpt":{"rendered":"<p>&#8222;A Krim\u00f3 hangulatos pub \u00e9s kisvend\u00e9gl\u0151 Budapest sz\u00edv\u00e9ben, kiv\u00e1l\u00f3 \u00e1rakkal \u00e9s kony\u00e1val. A Krim\u00f3 Pub m\u00e1r 20 \u00e9ve z\u00e1szl\u00f3shaj\u00f3ja Budapest vigalmi negyed\u00e9nek, mivel azon helyek egyike, melyek a kor\u00e1bban romkocsma negyednek h\u00edvott ter\u00fcletre folyamatosan \u00e9s t\u00f6retlen\u00fcl vonzz\u00e1k a budapestieket \u00e9s a turist\u00e1kat. A 11 \u00f3r\u00e1t\u00f3l hajnali 4-ig minden nap nyitva<span class=\"more-link theme-more-link\"><a href=\"https:\/\/krimopub.com\/fr\/notre-role\/\">Continuer la lecture<\/a><\/span><\/p>","protected":false},"author":1,"featured_media":0,"parent":0,"menu_order":0,"comment_status":"closed","ping_status":"closed","template":"","meta":{"footnotes":""},"class_list":["entry","author-krimoadmin","post-61","page","type-page","status-publish"],"_links":{"self":[{"href":"https:\/\/krimopub.com\/fr\/wp-json\/wp\/v2\/pages\/61","targetHints":{"allow":["GET"]}}],"collection":[{"href":"https:\/\/krimopub.com\/fr\/wp-json\/wp\/v2\/pages"}],"about":[{"href":"https:\/\/krimopub.com\/fr\/wp-json\/wp\/v2\/types\/page"}],"author":[{"embeddable":true,"href":"https:\/\/krimopub.com\/fr\/wp-json\/wp\/v2\/users\/1"}],"replies":[{"embeddable":true,"href":"https:\/\/krimopub.com\/fr\/wp-json\/wp\/v2\/comments?post=61"}],"version-history":[{"count":0,"href":"https:\/\/krimopub.com\/fr\/wp-json\/wp\/v2\/pages\/61\/revisions"}],"wp:attachment":[{"href":"https:\/\/krimopub.com\/fr\/wp-json\/wp\/v2\/media?parent=61"}],"curies":[{"name":"wp","href":"https:\/\/api.w.org\/{rel}","templated":true}]}}