{"id":237,"date":"2025-09-07T14:46:37","date_gmt":"2025-09-07T14:46:37","guid":{"rendered":"https:\/\/krimopub.com\/?page_id=237"},"modified":"2026-04-12T17:44:53","modified_gmt":"2026-04-12T17:44:53","slug":"menu","status":"publish","type":"page","link":"https:\/\/krimopub.com\/it\/menu\/","title":{"rendered":"Menu"},"content":{"rendered":"<div style=\"text-align: justify;\">\nA Krim\u00f3Pub \u00e9tlapj\u00e1n v\u00e1ltozatos f\u0151\u00e9telek \u00e9s frissens\u00fcltek \u00e9s egy\u00e9b kieg\u00e9sz\u00edt\u0151k v\u00e1rj\u00e1k vend\u00e9geinket. Minden fog\u00e1s allerg\u00e9njeit felt\u00fcntett\u00fck az \u00e1tl\u00e1that\u00f3s\u00e1g \u00e9rdek\u00e9ben \u2013 k\u00e9rj\u00fck, rendel\u00e9s el\u0151tt t\u00e1j\u00e9koz\u00f3djon! K\u00edn\u00e1latunkban veget\u00e1ri\u00e1nus \u00e9s k\u00fcl\u00f6nleges ig\u00e9nyekhez igaz\u00edtott \u00e9telek is megtal\u00e1lhat\u00f3k, hogy mindenki megtal\u00e1lja a sz\u00e1m\u00e1ra kedves fog\u00e1st.<br>\nMinden nap <b>22:00<\/b> \u00f3r\u00e1ig tart nyitva konyh\u00e1nk.\n<\/div>\n\n\n\n<h2 class=\"wp-block-heading has-text-align-center\">Leveseink<\/h2>\n\n\n\n<table border=\"1\" style=\"border-collapse: collapse; width: 100%;\">\n  <tbody>\n    <tr>\n      <td><b>Guly\u00e1sleves<\/b> (D, M, SZ, Z, F)<\/td>\n      <td style=\"text-align: right;\"><b>3790 Ft<\/b><\/td>\n    <\/tr>\n    <tr>\n      <td><b>Ty\u00fakh\u00fasleves<\/b> (G)<\/td>\n      <td style=\"text-align: right;\"><b>3290 Ft<\/b><\/td>\n    <\/tr>\n  <\/tbody>\n<\/table>\n\n\n\n<h2 class=\"wp-block-heading has-text-align-center\">F\u0151\u00e9teleink<\/h2>\n\n\n\n<table border=\"1\" style=\"border-collapse: collapse; width: 100%;\">\n  <tbody>\n    <tr>\n      <td><b>Tradicion\u00e1lis lecs\u00f3<\/b><\/td>\n      <td style=\"text-align: right;\"><b>4590 Ft<\/b><\/td>\n    <\/tr>\n    <tr>\n      <td><b>Csirkepaprik\u00e1s<\/b> (G, T, L)<\/td>\n      <td style=\"text-align: right;\"><b>4790 Ft<\/b><\/td>\n    <\/tr>\n    <tr>\n      <td><b>\u00d3ri\u00e1s b\u00e9csi szelet, steak burgony\u00e1val<\/b> (T, G)<\/td>\n      <td style=\"text-align: right;\"><b>4990 Ft<\/b><\/td>\n    <\/tr>\n    <tr>\n      <td><b>Vaslapos csirkemellfil\u00e9, pestos burgonyap\u00fcr\u00e9vel<\/b> (T, M, L)<\/td>\n      <td style=\"text-align: right;\"><b>4590 Ft<\/b><\/td>\n    <\/tr>\n    <tr>\n      <td><b>T\u00f3csni grillz\u00f6lds\u00e9ggel \u00e9s fokhagym\u00e1s tejf\u00f6llel<\/b> (L, G, T)<\/td>\n      <td style=\"text-align: right;\"><b>3990 Ft<\/b><\/td>\n    <\/tr>\n    <tr>\n      <td><b>Fish &#038; Chips<\/b> (L, G, T)<\/td>\n      <td style=\"text-align: right;\"><b>4590 Ft<\/b><\/td>\n    <\/tr>\n    <tr>\n      <td><b>F\u0171szervajas-borsos sz\u0171z\u00e9rme, serpeny\u0151sburgony\u00e1val<\/b> (L, T)<\/td>\n      <td style=\"text-align: right;\"><b>5990 Ft<\/b><\/td>\n    <\/tr>\n    <tr>\n      <td><b>Cig\u00e1nypecsenye has\u00e1bburgony\u00e1val, kakastar\u00e9jjal<\/b> (CSF)<\/td>\n      <td style=\"text-align: right;\"><b>4990 Ft<\/b><\/td>\n    <\/tr>\n    <tr>\n      <td><b>R\u00e1ntott sajt has\u00e1b burgony\u00e1val, tart\u00e1rm\u00e1rt\u00e1ssal<\/b> (L, G, T)<\/td>\n      <td style=\"text-align: right;\"><b>4590 Ft<\/b><\/td>\n    <\/tr>\n  <\/tbody>\n<\/table>\n\n\n\n<h2 class=\"wp-block-heading has-text-align-center\">Sal\u00e1t\u00e1ink, savany\u00fas\u00e1gok, k\u00f6retek<\/h2>\n\n\n\n<table border=\"1\" style=\"border-collapse: collapse; width: 100%;\">\n  <tbody>\n    <tr>\n      <td><b>Csirk\u00e9s C\u00e9z\u00e1r sal\u00e1ta<\/b> (M, H, L)<\/td>\n      <td style=\"text-align: right;\"><b>4290 Ft<\/b><\/td>\n    <\/tr>\n    <tr>\n      <td><b>R\u00e1kos c\u00e9z\u00e1r sal\u00e1ta<\/b> (M, H, L, R)<\/td>\n      <td style=\"text-align: right;\"><b>3990 Ft<\/b><\/td>\n    <\/tr>\n    <tr>\n      <td><b>Rozmaringolajos sal\u00e1ta<\/b> (L, T)<\/td>\n      <td style=\"text-align: right;\"><b>2990 Ft<\/b><\/td>\n    <\/tr>\n    <tr>\n      <td><b>Tejf\u00f6l\u00f6s uborka<\/b> (L)<\/td>\n      <td style=\"text-align: right;\"><b>990 Ft<\/b><\/td>\n    <\/tr>\n    <tr>\n      <td><b>Paradicsomsal\u00e1ta<\/b><\/td>\n      <td style=\"text-align: right;\"><b>990 Ft<\/b><\/td>\n    <\/tr>\n    <tr>\n      <td><b>Csalam\u00e1d\u00e9<\/b><\/td>\n      <td style=\"text-align: right;\"><b>990 Ft<\/b><\/td>\n    <\/tr>\n    <tr>\n      <td><b>Csemege uborka<\/b><\/td>\n      <td style=\"text-align: right;\"><b>990 Ft<\/b><\/td>\n    <\/tr>\n    <tr>\n      <td><b>Has\u00e1bburgonya<\/b><\/td>\n      <td style=\"text-align: right;\"><b>2390 piedi<\/b><\/td>\n    <\/tr>\n    <tr>\n      <td><b>Steak burgonya<\/b><\/td>\n      <td style=\"text-align: right;\"><b>2390 piedi<\/b><\/td>\n    <\/tr>\n    <tr>\n      <td><b>Grillezett z\u00f6lds\u00e9g<\/b> (GO)<\/td>\n      <td style=\"text-align: right;\"><b>2590 Ft<\/b><\/td>\n    <\/tr>\n    <tr>\n      <td><b>P\u00e1rolt z\u00f6lds\u00e9g<\/b> (GO)<\/td>\n      <td style=\"text-align: right;\"><b>2390 piedi<\/b><\/td>\n    <\/tr>\n    <tr>\n      <td><b>P\u00e1rolt J\u00e1zminrizs<\/b><\/td>\n      <td style=\"text-align: right;\"><b>2390 piedi<\/b><\/td>\n    <\/tr>\n  <\/tbody>\n<\/table>\n\n\n\n<h2 class=\"wp-block-heading has-text-align-center\">Desszertjeink<\/h2>\n\n\n\n<table border=\"1\" style=\"border-collapse: collapse; width: 100%;\">\n  <tbody>\n    <tr>\n      <td><b>New York Brownie<\/b> (G, T)<\/td>\n      <td style=\"text-align: right;\"><b>2390 piedi<\/b><\/td>\n    <\/tr>\n    <tr>\n      <td><b>New Jersey sajttorta<\/b> (G, L, T)<\/td>\n      <td style=\"text-align: right;\"><b>2390 piedi<\/b><\/td>\n    <\/tr>\n    <tr>\n      <td><b>Csokol\u00e1d\u00e9 szufl\u00e9<\/b> (G, T)<\/td>\n      <td style=\"text-align: right;\"><b>2390 piedi<\/b><\/td>\n    <\/tr>\n  <\/tbody>\n<\/table>\n\n\n\n<h3 class=\"wp-block-heading has-text-align-center\">Allerg\u00e9nek:<\/h3>\n\n\n\n<p class=\"has-text-align-center\">M: Must\u00e1r, H: Hal, L: Lakt\u00f3z, CSF: Csillagf\u00fcrt, G: Glut\u00e9n, T: Toj\u00e1s, R: R\u00e1k, D: Di\u00f3f\u00e9l\u00e9k, Z: Zeller, F: F\u00f6ldimogyor\u00f3, GO: Gombaf\u00e9l\u00e9k<\/p>\n\n\n\n<p><\/p>","protected":false},"excerpt":{"rendered":"<p>A Krim\u00f3Pub \u00e9tlapj\u00e1n v\u00e1ltozatos f\u0151\u00e9telek \u00e9s frissens\u00fcltek \u00e9s egy\u00e9b kieg\u00e9sz\u00edt\u0151k v\u00e1rj\u00e1k vend\u00e9geinket. Minden fog\u00e1s allerg\u00e9njeit felt\u00fcntett\u00fck az \u00e1tl\u00e1that\u00f3s\u00e1g \u00e9rdek\u00e9ben \u2013 k\u00e9rj\u00fck, rendel\u00e9s el\u0151tt t\u00e1j\u00e9koz\u00f3djon! K\u00edn\u00e1latunkban veget\u00e1ri\u00e1nus \u00e9s k\u00fcl\u00f6nleges ig\u00e9nyekhez igaz\u00edtott \u00e9telek is megtal\u00e1lhat\u00f3k, hogy mindenki megtal\u00e1lja a sz\u00e1m\u00e1ra kedves fog\u00e1st. Minden nap 22:00 \u00f3r\u00e1ig tart nyitva konyh\u00e1nk. Leveseink Guly\u00e1sleves (D,<span class=\"more-link theme-more-link\"><a href=\"https:\/\/krimopub.com\/it\/menu\/\">Continua a leggere<\/a><\/span><\/p>","protected":false},"author":1,"featured_media":0,"parent":0,"menu_order":0,"comment_status":"closed","ping_status":"closed","template":"","meta":{"footnotes":""},"class_list":["entry","author-krimoadmin","post-237","page","type-page","status-publish"],"_links":{"self":[{"href":"https:\/\/krimopub.com\/it\/wp-json\/wp\/v2\/pages\/237","targetHints":{"allow":["GET"]}}],"collection":[{"href":"https:\/\/krimopub.com\/it\/wp-json\/wp\/v2\/pages"}],"about":[{"href":"https:\/\/krimopub.com\/it\/wp-json\/wp\/v2\/types\/page"}],"author":[{"embeddable":true,"href":"https:\/\/krimopub.com\/it\/wp-json\/wp\/v2\/users\/1"}],"replies":[{"embeddable":true,"href":"https:\/\/krimopub.com\/it\/wp-json\/wp\/v2\/comments?post=237"}],"version-history":[{"count":28,"href":"https:\/\/krimopub.com\/it\/wp-json\/wp\/v2\/pages\/237\/revisions"}],"predecessor-version":[{"id":445,"href":"https:\/\/krimopub.com\/it\/wp-json\/wp\/v2\/pages\/237\/revisions\/445"}],"wp:attachment":[{"href":"https:\/\/krimopub.com\/it\/wp-json\/wp\/v2\/media?parent=237"}],"curies":[{"name":"wp","href":"https:\/\/api.w.org\/{rel}","templated":true}]}}