{"id":61,"date":"2025-05-28T10:35:10","date_gmt":"2025-05-28T08:35:10","guid":{"rendered":"http:\/\/localhost\/KRIMO\/?page_id=12"},"modified":"2025-05-28T10:35:10","modified_gmt":"2025-05-28T08:35:10","slug":"il-nostro-ruolo","status":"publish","type":"page","link":"https:\/\/krimopub.com\/it\/il-nostro-ruolo\/","title":{"rendered":"Chi siamo"},"content":{"rendered":"<p class=\"has-black-color has-text-color has-link-color has-medium-font-size wp-elements-671376f6b9c819fc2af7aaa67d097d98\">&quot;Krim\u00f3 \u00e8 un accogliente pub e taverna nel cuore di Budapest, con prezzi e cucina eccellenti. Il Krim\u00f3 Pub \u00e8 da 20 anni il fiore all&#039;occhiello del quartiere dei divertimenti di Budapest, uno dei luoghi che attrae costantemente e instancabilmente residenti e turisti in quella che un tempo era conosciuta come la zona dei pub in rovina.&quot;<\/p>\n\n\n\n<p class=\"has-medium-font-size\">Aperto tutti i giorni dalle 11:00 alle 4:00, il Krim\u00f3 Pub accoglie i suoi ospiti con un men\u00f9 variegato, un&#039;ampia scelta di bevande e un men\u00f9 di due portate nei giorni feriali. Il men\u00f9 offre il meglio della cucina internazionale e ungherese. Il men\u00f9, che cambia ogni giorno, invita i visitatori a un entusiasmante viaggio culinario durante tutta la giornata.<\/p>\n\n\n\n<p class=\"has-medium-font-size\">Le spine di birra servono birre ungheresi, ceche, belghe e irlandesi, e gli amanti del vino possono degustare vini di cantine ungheresi di qualit\u00e0. Anche gli amanti di shot e cocktail si sentiranno a casa al Krim\u00f3.<\/p>\n\n\n\n<p class=\"has-medium-font-size\">Nel Krimo, un locale a due piani aperto 16 ore al giorno, \u00e8 possibile pranzare a mezzogiorno, prendere un caff\u00e8, un drink, rilassarsi nel pomeriggio, cenare la sera e poi fare festa fino all&#039;alba. <br>Se vuoi divertirti con i tuoi amici, la tua famiglia, il tuo partner o vuoi semplicemente fermarti per un men\u00f9 durante la pausa pranzo, allora Krimo \u00e8 il posto che fa per te! <br>Il Krim\u00f3 Pub \u00e8 il luogo ideale per grandi eventi sociali e aziendali: basta prenotare il tavolo in anticipo.<\/p>\n\n\n\n<p class=\"has-medium-font-size\">Venite nel cuore della citt\u00e0 e godetevi l&#039;atmosfera familiare del pub, scegliete tra cibo eccellente e un&#039;ampia scelta di bevande.<\/p>\n\n\n\n<p class=\"has-medium-font-size\"><strong>Il team del Krim\u00f3 Pub ti aspetta!<\/strong><\/p>\n\n\n\n<p><\/p>","protected":false},"excerpt":{"rendered":"<p>&#8222;A Krim\u00f3 hangulatos pub \u00e9s kisvend\u00e9gl\u0151 Budapest sz\u00edv\u00e9ben, kiv\u00e1l\u00f3 \u00e1rakkal \u00e9s kony\u00e1val. A Krim\u00f3 Pub m\u00e1r 20 \u00e9ve z\u00e1szl\u00f3shaj\u00f3ja Budapest vigalmi negyed\u00e9nek, mivel azon helyek egyike, melyek a kor\u00e1bban romkocsma negyednek h\u00edvott ter\u00fcletre folyamatosan \u00e9s t\u00f6retlen\u00fcl vonzz\u00e1k a budapestieket \u00e9s a turist\u00e1kat. A 11 \u00f3r\u00e1t\u00f3l hajnali 4-ig minden nap nyitva<span class=\"more-link theme-more-link\"><a href=\"https:\/\/krimopub.com\/it\/il-nostro-ruolo\/\">Continua a leggere<\/a><\/span><\/p>","protected":false},"author":1,"featured_media":0,"parent":0,"menu_order":0,"comment_status":"closed","ping_status":"closed","template":"","meta":{"footnotes":""},"class_list":["entry","author-krimoadmin","post-61","page","type-page","status-publish"],"_links":{"self":[{"href":"https:\/\/krimopub.com\/it\/wp-json\/wp\/v2\/pages\/61","targetHints":{"allow":["GET"]}}],"collection":[{"href":"https:\/\/krimopub.com\/it\/wp-json\/wp\/v2\/pages"}],"about":[{"href":"https:\/\/krimopub.com\/it\/wp-json\/wp\/v2\/types\/page"}],"author":[{"embeddable":true,"href":"https:\/\/krimopub.com\/it\/wp-json\/wp\/v2\/users\/1"}],"replies":[{"embeddable":true,"href":"https:\/\/krimopub.com\/it\/wp-json\/wp\/v2\/comments?post=61"}],"version-history":[{"count":0,"href":"https:\/\/krimopub.com\/it\/wp-json\/wp\/v2\/pages\/61\/revisions"}],"wp:attachment":[{"href":"https:\/\/krimopub.com\/it\/wp-json\/wp\/v2\/media?parent=61"}],"curies":[{"name":"wp","href":"https:\/\/api.w.org\/{rel}","templated":true}]}}